{"id":35,"date":"2020-11-20T18:37:07","date_gmt":"2020-11-20T18:37:07","guid":{"rendered":"https:\/\/vs-ruestorf.at\/?page_id=35"},"modified":"2026-03-25T04:32:59","modified_gmt":"2026-03-25T04:32:59","slug":"colibri-wp","status":"publish","type":"page","link":"https:\/\/vs-ruestorf.at\/","title":{"rendered":"Home"},"content":{"rendered":"<div data-colibri-id=\"35-c1\" class=\"style-191 style-local-35-c1 position-relative\">\n  <!---->\n  <div data-colibri-component=\"section\" data-colibri-id=\"35-c2\" id=\"overlappable-2\" class=\"h-section h-section-global-spacing d-flex align-items-lg-center align-items-md-center align-items-center style-192 style-local-35-c2 position-relative\">\n    <!---->\n    <!---->\n    <div class=\"h-section-grid-container h-section-boxed-container\">\n      <!---->\n      <div data-colibri-id=\"35-c3\" class=\"h-row-container gutters-row-lg-2 gutters-row-md-2 gutters-row-0 gutters-row-v-lg-2 gutters-row-v-md-2 gutters-row-v-2 style-1961 style-local-35-c3 position-relative\">\n        <!---->\n        <div class=\"h-row justify-content-lg-center justify-content-md-center justify-content-center align-items-lg-stretch align-items-md-stretch align-items-stretch gutters-col-lg-2 gutters-col-md-2 gutters-col-0 gutters-col-v-lg-2 gutters-col-v-md-2 gutters-col-v-2\">\n          <!---->\n          <div class=\"h-column h-column-container d-flex h-col-lg-auto h-col-md-auto h-col-auto style-1962-outer style-local-35-c4-outer\">\n            <div data-colibri-id=\"35-c4\" class=\"d-flex h-flex-basis h-column__inner h-ui-empty-state-container h-px-lg-2 h-px-md-2 h-px-2 v-inner-lg-2 v-inner-md-2 v-inner-2 style-1962 style-local-35-c4 position-relative\">\n              <!---->\n              <!---->\n              <div class=\"w-100 h-y-container h-column__content h-column__v-align flex-basis-100\">\n                <!---->\n              <\/div>\n            <\/div>\n          <\/div>\n        <\/div>\n      <\/div>\n      <div data-colibri-id=\"35-c5\" class=\"h-row-container gutters-row-lg-2 gutters-row-md-2 gutters-row-2 gutters-row-v-lg-2 gutters-row-v-md-2 gutters-row-v-2 style-193 style-local-35-c5 position-relative\">\n        <!---->\n        <div class=\"h-row justify-content-lg-center justify-content-md-center justify-content-center align-items-lg-stretch align-items-md-stretch align-items-stretch gutters-col-lg-2 gutters-col-md-2 gutters-col-2 gutters-col-v-lg-2 gutters-col-v-md-2 gutters-col-v-2\">\n          <!---->\n          <div class=\"h-column h-column-container d-flex h-col-lg-4 h-col-md-4 h-col-12 style-194-outer style-local-35-c6-outer\">\n            <div data-colibri-id=\"35-c6\" class=\"d-flex h-flex-basis h-column__inner h-px-lg-3 h-px-md-3 h-px-3 v-inner-lg-3 v-inner-md-3 v-inner-3 style-194 style-local-35-c6 position-relative\">\n              <!---->\n              <!---->\n              <div class=\"w-100 h-y-container h-column__content h-column__v-align flex-basis-100 align-self-lg-start align-self-md-start align-self-start\">\n                <!---->\n                <div data-colibri-id=\"35-c7\" class=\"h-icon style-195 style-local-35-c7 position-relative h-element\">\n                  <!----><span class=\"h-svg-icon h-icon__icon style-195-icon style-local-35-c7-icon\"><!--Icon by Font Awesome (https:\/\/fontawesome.com)-->\n    <svg version=\"1.1\" xmlns=\"http:\/\/www.w3.org\/2000\/svg\" xmlns:xlink=\"http:\/\/www.w3.org\/1999\/xlink\" id=\"paper-plane\" viewBox=\"0 0 1792.0013 1896.0833\">\n      <path d=\"M1764 11q33 24 27 64l-256 1536q-5 29-32 45-14 8-31 8-11 0-24-5l-453-185-242 295q-18 23-49 23-13 0-22-4-19-7-30.5-23.5T640 1728v-349l864-1059-1069 925-395-162q-37-14-40-55-2-40 32-59L1696 9q15-9 32-9 20 0 36 11z\"><\/path>\n    <\/svg><\/span><\/div>\n                <div data-colibri-id=\"35-c8\" class=\"h-x-container style-2004 style-local-35-c8 position-relative h-element\">\n                  <!---->\n                  <div class=\"h-x-container-inner style-dynamic-35-c8-group style-2004-spacing style-local-35-c8-spacing\"><span class=\"h-link__outer style-2005-outer style-local-35-c9-outer d-inline-flex h-element\"><a h-use-smooth-scroll=\"true\" href=\"https:\/\/vs-ruestorf.at\/wp-content\/uploads\/2025\/03\/Info-Elterninformationslinks.pdf\"  data-colibri-id=\"35-c9\" class=\"d-flex w-100 align-items-center h-link style-2005 style-local-35-c9 position-relative\"><!----><!----> <span>Miki &#8211; Linkliste<\/span><\/a>\n                    <\/span>\n                  <\/div>\n                <\/div>\n              <\/div>\n            <\/div>\n          <\/div>\n          <div class=\"h-column h-column-container d-flex h-col-lg-4 h-col-md-4 h-col-12 style-198-outer style-local-35-c10-outer\">\n            <div data-colibri-id=\"35-c10\" class=\"d-flex h-flex-basis h-column__inner h-px-lg-3 h-px-md-3 h-px-3 v-inner-lg-3 v-inner-md-3 v-inner-3 style-198 style-local-35-c10 position-relative\">\n              <!---->\n              <!---->\n              <div class=\"w-100 h-y-container h-column__content h-column__v-align flex-basis-100 align-self-lg-start align-self-md-start align-self-start\">\n                <!---->\n                <div data-colibri-id=\"35-c11\" class=\"h-icon style-195 style-local-35-c11 position-relative h-element\">\n                  <!----><span class=\"h-svg-icon h-icon__icon style-195-icon style-local-35-c11-icon\"><!--Icon by Font Awesome (https:\/\/fontawesome.com)-->\n    <svg version=\"1.1\" xmlns=\"http:\/\/www.w3.org\/2000\/svg\" xmlns:xlink=\"http:\/\/www.w3.org\/1999\/xlink\" id=\"calendar-o\" viewBox=\"0 0 1672.2646 1896.0833\">\n      <path d=\"M128 1664h1408V640H128v1024zM512 448V160q0-14-9-23t-23-9h-64q-14 0-23 9t-9 23v288q0 14 9 23t23 9h64q14 0 23-9t9-23zm768 0V160q0-14-9-23t-23-9h-64q-14 0-23 9t-9 23v288q0 14 9 23t23 9h64q14 0 23-9t9-23zm384-64v1280q0 52-38 90t-90 38H128q-52 0-90-38t-38-90V384q0-52 38-90t90-38h128v-96q0-66 47-113T416 0h64q66 0 113 47t47 113v96h384v-96q0-66 47-113t113-47h64q66 0 113 47t47 113v96h128q52 0 90 38t38 90z\"><\/path>\n    <\/svg><\/span><\/div>\n                <div data-colibri-id=\"35-c12\" class=\"h-global-transition-all h-heading style-1982 style-local-35-c12 position-relative h-element\">\n                  <!---->\n                  <div class=\"h-heading__outer style-1982 style-local-35-c12\">\n                    <!---->\n                    <!---->\n                    <h6 class=\"\">Schlemmmerjause 2025\/26<\/h6>\n                  <\/div>\n                <\/div>\n                <div data-colibri-id=\"35-c13\" class=\"h-text h-text-component style-2006 style-local-35-c13 position-relative h-element\">\n                  <!---->\n                  <!---->\n                  <div class=\"\">\n                    <p>25.M\u00e4rz 2026<\/p>\n                    <p>8.April 2026<\/p>\n                    <p>22.April 2026<\/p>\n                    <p>6.Mai 2026<\/p>\n                    <p>20.Mai 2026<\/p>\n                    <p>3.Juni 2026<\/p>\n                    <p>17.Juni 2026<\/p>\n                    <p>1.Juli 2026<\/p>\n                  <\/div>\n                <\/div>\n              <\/div>\n            <\/div>\n          <\/div>\n          <div class=\"h-column h-column-container d-flex h-col-lg-4 h-col-md-4 h-col-12 style-199-outer style-local-35-c14-outer\">\n            <div data-colibri-id=\"35-c14\" class=\"d-flex h-flex-basis h-column__inner h-px-lg-3 h-px-md-3 h-px-3 v-inner-lg-3 v-inner-md-3 v-inner-3 style-199 style-local-35-c14 position-relative\">\n              <!---->\n              <!---->\n              <div class=\"w-100 h-y-container h-column__content h-column__v-align flex-basis-100 align-self-lg-start align-self-md-start align-self-start\">\n                <!---->\n                <div data-colibri-id=\"35-c15\" class=\"h-icon style-195 style-local-35-c15 position-relative h-element\">\n                  <!----><span class=\"h-svg-icon h-icon__icon style-195-icon style-local-35-c15-icon\"><!--Icon by Icons8 Line Awesome (https:\/\/icons8.com\/line-awesome)--><svg version=\"1.1\" xmlns=\"http:\/\/www.w3.org\/2000\/svg\" xmlns:xlink=\"http:\/\/www.w3.org\/1999\/xlink\" id=\"archive\" viewBox=\"0 0 512 545.5\"><path d=\"M64 112h384v96h-16v256H80V208H64v-96zm32 32v32h320v-32H96zm16 64v224h288V208H112zm93 32c.207-.01.543-.018.75-.018s.543.008.75.018c.207-.01.543-.018.75-.018s.543.008.75.018h96l.227-.002c8.833 0 16 7.17 16 16.002s-7.167 16.002-16 16.002L304 272h-96c-.413.04-1.085.07-1.5.07-8.87 0-16.07-7.2-16.07-16.07 0-8.078 6.527-15.246 14.57-16z\"><\/path><\/svg><\/span><\/div>\n                <div\n                  data-colibri-id=\"35-c16\" class=\"h-global-transition-all h-heading style-196 style-local-35-c16 position-relative h-element\">\n                  <!---->\n                  <div class=\"h-heading__outer style-196 style-local-35-c16\">\n                    <!---->\n                    <!---->\n                    <h4 class=\"\">Schule<\/h4>\n                  <\/div>\n              <\/div>\n              <div data-colibri-id=\"35-c17\" class=\"h-text h-text-component style-197 style-local-35-c17 position-relative h-element\">\n                <!---->\n                <!---->\n                <div class=\"\">\n                  <p>VS R\u00fcstorf&nbsp;| R\u00fcstorf 68 |&nbsp;4690 R\u00fcstorf<\/p>\n                  <p>07673 35 83 <\/p>\n                  <p>s417321@schule-ooe.at<\/p>\n                  <p>\n                    <br>\n                  <\/p>\n                <\/div>\n              <\/div>\n            <\/div>\n          <\/div>\n        <\/div>\n      <\/div>\n    <\/div>\n  <\/div>\n<\/div>\n<div data-colibri-component=\"section\" data-colibri-id=\"35-c18\" id=\"about\" class=\"h-section h-section-global-spacing d-flex align-items-lg-center align-items-md-center align-items-center style-200 style-local-35-c18 position-relative\">\n  <div class=\"background-wrapper\">\n    <div class=\"background-layer background-layer-media-container-lg\">\n      <!---->\n      <div class=\"overlay-layer\">\n        <div class=\"overlay-image-layer\" style=\"background-image: linear-gradient(90deg, rgb(246, 248, 250) 40%, rgba(0, 0, 0, 0) 40%);\"><\/div>\n      <\/div>\n    <\/div>\n    <div class=\"background-layer background-layer-media-container-md\">\n      <!---->\n      <div class=\"overlay-layer\">\n        <div class=\"overlay-image-layer\" style=\"background-image: linear-gradient(90deg, rgb(246, 248, 250) 40%, rgba(0, 0, 0, 0) 40%);\"><\/div>\n      <\/div>\n    <\/div>\n    <div class=\"background-layer background-layer-media-container\">\n      <!---->\n      <div class=\"overlay-layer\">\n        <div class=\"overlay-image-layer\" style=\"background-image: linear-gradient(90deg, rgb(246, 248, 250) 40%, rgba(0, 0, 0, 0) 40%);\"><\/div>\n      <\/div>\n    <\/div>\n  <\/div>\n  <!---->\n  <div class=\"h-section-grid-container h-section-boxed-container\">\n    <!---->\n    <div data-colibri-id=\"35-c19\" class=\"h-row-container gutters-row-lg-2 gutters-row-md-2 gutters-row-2 gutters-row-v-lg-2 gutters-row-v-md-2 gutters-row-v-2 style-201 style-local-35-c19 position-relative\">\n      <!---->\n      <div class=\"h-row justify-content-lg-start justify-content-md-start justify-content-start align-items-lg-stretch align-items-md-stretch align-items-stretch gutters-col-lg-2 gutters-col-md-2 gutters-col-2 gutters-col-v-lg-2 gutters-col-v-md-2 gutters-col-v-2\">\n        <!---->\n        <div class=\"h-column h-column-container d-flex h-col-lg-auto h-col-md-auto h-col-auto style-202-outer style-local-35-c20-outer\">\n          <div data-colibri-id=\"35-c20\" class=\"d-flex h-flex-basis h-column__inner h-px-lg-0 h-px-md-0 h-px-0 v-inner-lg-0 v-inner-md-0 v-inner-0 style-202 style-local-35-c20 position-relative\">\n            <!---->\n            <!---->\n            <div class=\"w-100 h-y-container h-column__content h-column__v-align flex-basis-100 align-self-lg-center align-self-md-center align-self-center\">\n              <!---->\n              <div data-colibri-id=\"35-c21\" class=\"h-global-transition-all h-heading style-203 style-local-35-c21 position-relative h-element\">\n                <!---->\n                <div class=\"h-heading__outer style-203 style-local-35-c21\">\n                  <!---->\n                  <!---->\n                  <h5 class=\"\">Schule<\/h5>\n                <\/div>\n              <\/div>\n              <div data-colibri-id=\"35-c22\" class=\"h-global-transition-all h-heading style-204 style-local-35-c22 position-relative h-element\">\n                <!---->\n                <div class=\"h-heading__outer style-204 style-local-35-c22\">\n                  <!---->\n                  <!---->\n                  <h2 class=\"\">Unser Team ist f\u00fcr Ihre Kinder da!<\/h2>\n                <\/div>\n              <\/div>\n              <div data-colibri-id=\"35-c23\" class=\"h-x-container style-454 style-local-35-c23 position-relative h-element\">\n                <!---->\n                <div class=\"h-x-container-inner style-dynamic-35-c23-group style-454-spacing style-local-35-c23-spacing\"><span class=\"h-button__outer style-455-outer style-local-35-c24-outer d-inline-flex h-element\"><a h-use-smooth-scroll=\"true\" href=\"https:\/\/vs-ruestorf.at\/?page_id=344\"  data-colibri-id=\"35-c24\" class=\"d-flex w-100 align-items-center h-button justify-content-lg-center justify-content-md-center justify-content-center style-455 style-local-35-c24 position-relative\"><!----><!----> <span>Direktion<\/span><\/a>\n                  <\/span>\n                <\/div>\n              <\/div>\n              <div data-colibri-id=\"35-c25\" class=\"h-x-container style-456 style-local-35-c25 position-relative h-element\">\n                <!---->\n                <div class=\"h-x-container-inner style-dynamic-35-c25-group style-456-spacing style-local-35-c25-spacing\"><span class=\"h-button__outer style-457-outer style-local-35-c26-outer d-inline-flex h-element\"><a h-use-smooth-scroll=\"true\" href=\"https:\/\/vs-ruestorf.at\/?page_id=353\"  data-colibri-id=\"35-c26\" class=\"d-flex w-100 align-items-center h-button justify-content-lg-center justify-content-md-center justify-content-center style-457 style-local-35-c26 position-relative\"><!----><!----> <span>Lehrkr\u00e4fte<\/span><\/a>\n                  <\/span>\n                <\/div>\n              <\/div>\n              <div data-colibri-id=\"35-c27\" class=\"h-x-container style-1958 style-local-35-c27 position-relative h-element\">\n                <!---->\n                <div class=\"h-x-container-inner style-dynamic-35-c27-group style-1958-spacing style-local-35-c27-spacing\"><span class=\"h-button__outer style-1959-outer style-local-35-c28-outer d-inline-flex h-element\"><a h-use-smooth-scroll=\"true\" href=\"https:\/\/vs-ruestorf.at\/?page_id=1086\"  data-colibri-id=\"35-c28\" class=\"d-flex w-100 align-items-center h-button justify-content-lg-center justify-content-md-center justify-content-center style-1959 style-local-35-c28 position-relative\"><!----><!----> <span>Klassen<\/span><\/a>\n                  <\/span>\n                <\/div>\n              <\/div>\n              <div data-colibri-id=\"35-c29\" class=\"h-x-container style-458 style-local-35-c29 position-relative h-element\">\n                <!---->\n                <div class=\"h-x-container-inner style-dynamic-35-c29-group style-458-spacing style-local-35-c29-spacing\"><span class=\"h-button__outer style-459-outer style-local-35-c30-outer d-inline-flex h-element\"><a h-use-smooth-scroll=\"true\" href=\"https:\/\/vs-ruestorf.at\/?page_id=362\"  data-colibri-id=\"35-c30\" class=\"d-flex w-100 align-items-center h-button justify-content-lg-center justify-content-md-center justify-content-center style-459 style-local-35-c30 position-relative\"><!----><!----> <span>Ganztagesschule<\/span><\/a>\n                  <\/span>\n                <\/div>\n              <\/div>\n            <\/div>\n          <\/div>\n        <\/div>\n      <\/div>\n    <\/div>\n  <\/div>\n<\/div>\n<div data-colibri-component=\"section\" data-colibri-id=\"35-c31\" id=\"contact\" class=\"h-section h-section-global-spacing d-flex align-items-lg-center align-items-md-center align-items-center style-325 style-local-35-c31 position-relative\">\n  <!---->\n  <!---->\n  <div class=\"h-section-grid-container h-section-boxed-container\">\n    <!---->\n    <div data-colibri-id=\"35-c32\" class=\"h-row-container gutters-row-lg-2 gutters-row-md-2 gutters-row-2 gutters-row-v-lg-2 gutters-row-v-md-2 gutters-row-v-2 style-326 style-local-35-c32 position-relative\">\n      <!---->\n      <div class=\"h-row justify-content-lg-center justify-content-md-center justify-content-center align-items-lg-stretch align-items-md-stretch align-items-stretch gutters-col-lg-2 gutters-col-md-2 gutters-col-2 gutters-col-v-lg-2 gutters-col-v-md-2 gutters-col-v-2\">\n        <!---->\n        <div class=\"h-column h-column-container d-flex h-col-lg-auto h-col-md-auto h-col-auto style-327-outer style-local-35-c33-outer\">\n          <div data-colibri-id=\"35-c33\" class=\"d-flex h-flex-basis h-column__inner h-px-lg-0 h-px-md-0 h-px-0 v-inner-lg-0 v-inner-md-0 v-inner-0 style-327 style-local-35-c33 position-relative\">\n            <!---->\n            <!---->\n            <div class=\"w-100 h-y-container h-column__content h-column__v-align flex-basis-100 align-self-lg-start align-self-md-start align-self-start\">\n              <!---->\n              <div data-colibri-id=\"35-c34\" class=\"h-row-container gutters-row-lg-0 gutters-row-md-0 gutters-row-0 gutters-row-v-lg-0 gutters-row-v-md-0 gutters-row-v-0 style-328 style-local-35-c34 position-relative\">\n                <!---->\n                <div class=\"h-row justify-content-lg-center justify-content-md-center justify-content-center align-items-lg-stretch align-items-md-stretch align-items-stretch gutters-col-lg-0 gutters-col-md-0 gutters-col-0 gutters-col-v-lg-0 gutters-col-v-md-0 gutters-col-v-0\">\n                  <!---->\n                  <div class=\"h-column h-column-container d-flex h-col-lg-auto h-col-md-auto h-col-auto style-329-outer style-local-35-c35-outer\">\n                    <div data-colibri-id=\"35-c35\" class=\"d-flex h-flex-basis h-column__inner h-ui-empty-state-container h-px-lg-0 h-px-md-0 h-px-0 v-inner-lg-0 v-inner-md-0 v-inner-0 style-329 style-local-35-c35 position-relative\">\n                      <!---->\n                      <!---->\n                      <div class=\"w-100 h-y-container h-column__content h-column__v-align flex-basis-100\">\n                        <!---->\n                      <\/div>\n                    <\/div>\n                  <\/div>\n                  <div class=\"h-column h-column-container d-flex h-col-lg-auto h-col-md-auto h-col-auto style-330-outer style-local-35-c36-outer\">\n                    <div data-colibri-id=\"35-c36\" class=\"d-flex h-flex-basis h-column__inner h-px-lg-3 h-px-md-3 h-px-3 v-inner-lg-3 v-inner-md-3 v-inner-3 style-330 style-local-35-c36 position-relative\">\n                      <!---->\n                      <!---->\n                      <div class=\"w-100 h-y-container h-column__content h-column__v-align flex-basis-100 align-self-lg-start align-self-md-start align-self-start\">\n                        <!---->\n                        <div data-colibri-id=\"35-c37\" class=\"h-global-transition-all h-heading style-331 style-local-35-c37 position-relative h-element\">\n                          <!---->\n                          <div class=\"h-heading__outer style-331 style-local-35-c37\">\n                            <!---->\n                            <!---->\n                            <h4 class=\"\">Kontakt<\/h4>\n                          <\/div>\n                        <\/div>\n                        <div data-colibri-id=\"35-c38\" class=\"h-text h-text-component style-1265 style-local-35-c38 position-relative h-element\">\n                          <!---->\n                          <!---->\n                          <div class=\"\">\n                            <p>Volksschule R\u00fcstorf<\/p>\n                            <p>4690 R\u00fcstorf 68<\/p>\n                            <p>+43 7673 35 83<\/p>\n                            <p>s417321@schule-ooe.at<\/p>\n                          <\/div>\n                        <\/div>\n                      <\/div>\n                    <\/div>\n                  <\/div>\n                <\/div>\n              <\/div>\n            <\/div>\n          <\/div>\n        <\/div>\n      <\/div>\n    <\/div>\n  <\/div>\n<\/div>\n<\/div>","protected":false},"excerpt":{"rendered":"<p>Miki &#8211; Linkliste Schlemmmerjause 2025\/26 25.M\u00e4rz 2026 8.April 2026 22.April 2026 6.Mai 2026 20.Mai 2026 3.Juni 2026 17.Juni 2026 1.Juli 2026 Schule VS R\u00fcstorf&nbsp;| R\u00fcstorf 68 |&nbsp;4690 R\u00fcstorf 07673 35 83 s417321@schule-ooe.at Schule Unser Team ist f\u00fcr Ihre Kinder da! Direktion Lehrkr\u00e4fte Klassen Ganztagesschule Kontakt Volksschule R\u00fcstorf 4690 R\u00fcstorf 68 +43 7673 35 83 s417321@schule-ooe.at<\/p>\n","protected":false},"author":1,"featured_media":0,"parent":0,"menu_order":0,"comment_status":"closed","ping_status":"closed","template":"page-templates\/homepage.php","meta":{"footnotes":""},"class_list":["post-35","page","type-page","status-publish","hentry"],"_links":{"self":[{"href":"https:\/\/vs-ruestorf.at\/index.php?rest_route=\/wp\/v2\/pages\/35","targetHints":{"allow":["GET"]}}],"collection":[{"href":"https:\/\/vs-ruestorf.at\/index.php?rest_route=\/wp\/v2\/pages"}],"about":[{"href":"https:\/\/vs-ruestorf.at\/index.php?rest_route=\/wp\/v2\/types\/page"}],"author":[{"embeddable":true,"href":"https:\/\/vs-ruestorf.at\/index.php?rest_route=\/wp\/v2\/users\/1"}],"replies":[{"embeddable":true,"href":"https:\/\/vs-ruestorf.at\/index.php?rest_route=%2Fwp%2Fv2%2Fcomments&post=35"}],"version-history":[{"count":20,"href":"https:\/\/vs-ruestorf.at\/index.php?rest_route=\/wp\/v2\/pages\/35\/revisions"}],"predecessor-version":[{"id":4135,"href":"https:\/\/vs-ruestorf.at\/index.php?rest_route=\/wp\/v2\/pages\/35\/revisions\/4135"}],"wp:attachment":[{"href":"https:\/\/vs-ruestorf.at\/index.php?rest_route=%2Fwp%2Fv2%2Fmedia&parent=35"}],"curies":[{"name":"wp","href":"https:\/\/api.w.org\/{rel}","templated":true}]}}