{"id":2286,"date":"2022-04-02T17:24:05","date_gmt":"2022-04-02T17:24:05","guid":{"rendered":"https:\/\/vs-ruestorf.at\/?page_id=2286"},"modified":"2022-04-02T18:49:40","modified_gmt":"2022-04-02T18:49:40","slug":"spendenaktion-ukrainische-waisenkinder","status":"publish","type":"page","link":"https:\/\/vs-ruestorf.at\/?page_id=2286","title":{"rendered":"Spendenaktion ukrainische Waisenkinder"},"content":{"rendered":"<div data-colibri-id=\"2286-c1\" class=\"style-1303 style-local-2286-c1 position-relative\">\n  <!---->\n  <div data-colibri-component=\"section\" data-colibri-id=\"2286-c2\" id=\"custom\" class=\"h-section h-section-global-spacing d-flex align-items-lg-center align-items-md-center align-items-center style-1304 style-local-2286-c2 position-relative\">\n    <!---->\n    <!---->\n    <div class=\"h-section-grid-container h-section-boxed-container\">\n      <!---->\n      <div data-colibri-id=\"2286-c3\" class=\"h-row-container gutters-row-lg-2 gutters-row-md-2 gutters-row-0 gutters-row-v-lg-2 gutters-row-v-md-2 gutters-row-v-2 style-1314 style-local-2286-c3 position-relative\">\n        <!---->\n        <div class=\"h-row justify-content-lg-center justify-content-md-center justify-content-center align-items-lg-stretch align-items-md-stretch align-items-stretch gutters-col-lg-2 gutters-col-md-2 gutters-col-0 gutters-col-v-lg-2 gutters-col-v-md-2 gutters-col-v-2\">\n          <!---->\n          <div class=\"h-column h-column-container d-flex h-col-lg-auto h-col-md-auto h-col-auto style-1315-outer style-local-2286-c4-outer\">\n            <div data-colibri-id=\"2286-c4\" class=\"d-flex h-flex-basis h-column__inner h-px-lg-2 h-px-md-2 h-px-2 v-inner-lg-2 v-inner-md-2 v-inner-2 style-1315 style-local-2286-c4 position-relative\">\n              <!---->\n              <!---->\n              <div class=\"w-100 h-y-container h-column__content h-column__v-align flex-basis-100 align-self-lg-start align-self-md-start align-self-start\">\n                <!---->\n                <div data-colibri-id=\"2286-c5\" class=\"h-text h-text-component style-1309 style-local-2286-c5 position-relative h-element\">\n                  <!---->\n                  <!---->\n                  <div class=\"\">\n                    <p>Am 31. M\u00e4rz 2022 fuhren Bgm. Georg Seethaler, Vize-Bgm. David Bruderhofer, VS-Leiterin Eva-Maria Putz und die Initiatorin der Sammelaktion, Frau Michaela Luft BBEd. nach St. Georgen im Attergau, um die von den R\u00fcstorfer Kindern und\n                      deren Eltern gesammelten Sachspenden sowie Geldspenden der Gemeinde und der VS R\u00fcstorf zu den aus der Ukraine gefl\u00fcchteten Waisenkindern nach St. Georgen iA zu bringen.<\/p>\n                    <p>Die Kinder und ihre Betreuerinnen waren \u00fcberrascht und \u00fcberaus erfreut \u00fcber die gro\u00dfz\u00fcgigen Spenden!<\/p>\n                    <p>Die Sachspenden wurden im Nu von den Kindern aus dem Lieferwagen ger\u00e4umt und das eine oder andere gleich mit gro\u00dfer Begeisterung in Beschlag genommen. Es war bewegend mitzuerleben, wie gro\u00df die Freude bei den Kindern war! Besonders\n                      die Kuscheltiere hatten es ihnen angetan!<\/p>\n                    <p>Die Geldspende im Gesamtwerdt von 1.000 Euro wurde von Frau Baronin Monika Mayr-Melnhof (PGR Obfrau Pfarre St. Georgen) und von Frau Christa Hufnagl entgegengenommen. Die beiden Damen setzen sich mit gro\u00dfer Leidenschaft f\u00fcr die Kinder\n                      ein. Mit dem Geld werden sie den 72 Kindern einen unvergesslichen Tag bereiten.<\/p>\n                    <p>Wir hoffen, mit diesem kleinen Beitrag den ukrainischen Kindern ein wenig Freude und Gl\u00fcck bereitet zu haben.<\/p>\n                    <p>\n                      <br>\n                    <\/p>\n                  <\/div>\n                <\/div>\n              <\/div>\n            <\/div>\n          <\/div>\n          <div class=\"h-column h-column-container d-flex h-col-lg-auto h-col-md-auto h-col-auto style-1316-outer style-local-2286-c6-outer\">\n            <div data-colibri-id=\"2286-c6\" class=\"d-flex h-flex-basis h-column__inner h-px-lg-2 h-px-md-2 h-px-2 v-inner-lg-2 v-inner-md-2 v-inner-2 style-1316 style-local-2286-c6 position-relative\">\n              <!---->\n              <!---->\n              <div class=\"w-100 h-y-container h-column__content h-column__v-align flex-basis-100 align-self-lg-start align-self-md-start align-self-start\">\n                <!---->\n                <div data-colibri-id=\"2286-c7\" class=\"h-icon style-1321 style-local-2286-c7 position-relative h-element\">\n                  <!----><span class=\"h-svg-icon h-icon__icon style-1321-icon style-local-2286-c7-icon\"><!--Icon by Font Awesome (https:\/\/fontawesome.com)--><svg version=\"1.1\" xmlns=\"http:\/\/www.w3.org\/2000\/svg\" xmlns:xlink=\"http:\/\/www.w3.org\/1999\/xlink\" id=\"heart\" viewBox=\"0 0 1792 1896.0833\"><path d=\"M896 1664q-26 0-44-18l-624-602q-10-8-27.5-26T145 952.5 77 855 23.5 734 0 596q0-220 127-344t351-124q62 0 126.5 21.5t120 58T820 276t76 68q36-36 76-68t95.5-68.5 120-58T1314 128q224 0 351 124t127 344q0 221-229 450l-623 600q-18 18-44 18z\"><\/path><\/svg><\/span><\/div>\n                <div\n                  data-colibri-id=\"2286-c8\" class=\"h-text h-text-component style-1317 style-local-2286-c8 position-relative h-element\">\n                  <!---->\n                  <!---->\n                  <div class=\"\">\n                    <p>\n                      <br>Falls Sie in St. Georgen iA, altes Sanatorium Rupp in Kogl, bei der Betreuung und Versorgung der Kinder pers\u00f6nlich mithelfen m\u00f6chten, melden Sie sich bitte unter folgender E-Mail-Adresse: aicher@st-georgen-attergau.ooe.gv.at<\/p>\n                    <p>Ein eigenes Spendenkonto f\u00fcr diese Kinder wurde ebenfalls eingerichtet:<\/p>\n                    <p>IBAN: AT02 3452 3000 00031567<\/p>\n                    <p>Stichwort: Waisenkinder Ukraine<\/p>\n                    <p>#gemeinsamstark<\/p>\n                    <p>Ein herzliches Dankesch\u00f6n an ALLE, die dese Hilfe m\u00f6glich gemacht haben!<\/p>\n                  <\/div>\n              <\/div>\n              <div data-colibri-id=\"2286-c9\" class=\"h-icon style-1319 style-local-2286-c9 position-relative h-element\">\n                <!----><span class=\"h-svg-icon h-icon__icon style-1319-icon style-local-2286-c9-icon\"><!--Icon by Font Awesome (https:\/\/fontawesome.com)--><svg version=\"1.1\" xmlns=\"http:\/\/www.w3.org\/2000\/svg\" xmlns:xlink=\"http:\/\/www.w3.org\/1999\/xlink\" id=\"heart\" viewBox=\"0 0 1792 1896.0833\"><path d=\"M896 1664q-26 0-44-18l-624-602q-10-8-27.5-26T145 952.5 77 855 23.5 734 0 596q0-220 127-344t351-124q62 0 126.5 21.5t120 58T820 276t76 68q36-36 76-68t95.5-68.5 120-58T1314 128q224 0 351 124t127 344q0 221-229 450l-623 600q-18 18-44 18z\"><\/path><\/svg><\/span><\/div>\n            <\/div>\n          <\/div>\n        <\/div>\n      <\/div>\n    <\/div>\n    <div data-colibri-id=\"2286-c10\" class=\"h-row-container gutters-row-lg-2 gutters-row-md-2 gutters-row-0 gutters-row-v-lg-2 gutters-row-v-md-2 gutters-row-v-2 style-1305 style-local-2286-c10 position-relative\">\n      <!---->\n      <div class=\"h-row justify-content-lg-center justify-content-md-center justify-content-center align-items-lg-stretch align-items-md-stretch align-items-stretch gutters-col-lg-2 gutters-col-md-2 gutters-col-0 gutters-col-v-lg-2 gutters-col-v-md-2 gutters-col-v-2\">\n        <!---->\n        <div class=\"h-column h-column-container d-flex h-col-lg-auto h-col-md-auto h-col-auto style-1307-outer style-local-2286-c11-outer\">\n          <div data-colibri-id=\"2286-c11\" class=\"d-flex h-flex-basis h-column__inner h-px-lg-2 h-px-md-2 h-px-2 v-inner-lg-2 v-inner-md-2 v-inner-2 style-1307 style-local-2286-c11 position-relative\">\n            <!---->\n            <!---->\n            <div class=\"w-100 h-y-container h-column__content h-column__v-align flex-basis-100 align-self-lg-start align-self-md-start align-self-start\">\n              <!---->\n              <div data-colibri-id=\"2286-c12\" class=\"d-block style-1322 style-local-2286-c12 position-relative h-element\">\n                <!---->\n                <div class=\"h-image__frame-container-outer\">\n                  <div class=\"h-image__frame-container\">\n                    <!---->\n                    <!---->\n                    <img loading=\"lazy\" decoding=\"async\" width=\"616\" height=\"565\" src=\"https:\/\/vs-ruestorf.at\/wp-content\/uploads\/2022\/04\/Bild1_Bgm_Vize_Ruestorf.jpg\" class=\"wp-image-2302 style-1322-image style-local-2286-c12-image\" alt=\"Bgm Seethaler_Vize-Bgm Bruderhofer\" srcset=\"https:\/\/vs-ruestorf.at\/wp-content\/uploads\/2022\/04\/Bild1_Bgm_Vize_Ruestorf.jpg 616w, https:\/\/vs-ruestorf.at\/wp-content\/uploads\/2022\/04\/Bild1_Bgm_Vize_Ruestorf-300x275.jpg 300w\" sizes=\"auto, (max-width: 616px) 100vw, 616px\" \/>\n                    <div class=\"h-image__frame h-hide-lg h-hide-md h-hide-sm style-1322-frameImage style-local-2286-c12-frameImage\"><\/div>\n                  <\/div>\n                <\/div>\n              <\/div>\n              <div data-colibri-id=\"2286-c23\" class=\"h-text h-text-component style-1331 style-local-2286-c23 position-relative h-element\">\n                <!---->\n                <!---->\n                <div class=\"\">\n                  <p>v.l.n.r.: Bgm. G. Seethaler, Vize-Bgm. D. Bruderhofer &#8211; beide aus der Gemeinde R\u00fcstorf\n                    <br>\n                  <\/p>\n                <\/div>\n              <\/div>\n            <\/div>\n          <\/div>\n        <\/div>\n        <div class=\"h-column h-column-container d-flex h-col-lg-auto h-col-md-auto h-col-auto style-1313-outer style-local-2286-c13-outer\">\n          <div data-colibri-id=\"2286-c13\" class=\"d-flex h-flex-basis h-column__inner h-px-lg-2 h-px-md-2 h-px-2 v-inner-lg-2 v-inner-md-2 v-inner-2 style-1313 style-local-2286-c13 position-relative\">\n            <!---->\n            <!---->\n            <div class=\"w-100 h-y-container h-column__content h-column__v-align flex-basis-100 align-self-lg-start align-self-md-start align-self-start\">\n              <!---->\n              <div data-colibri-id=\"2286-c14\" class=\"d-block style-1323 style-local-2286-c14 position-relative h-element\">\n                <!---->\n                <div class=\"h-image__frame-container-outer\">\n                  <div class=\"h-image__frame-container\">\n                    <!---->\n                    <!---->\n                    <img loading=\"lazy\" decoding=\"async\" width=\"738\" height=\"554\" src=\"https:\/\/vs-ruestorf.at\/wp-content\/uploads\/2022\/04\/Bild2_Gruppenfoto.jpg\" class=\"wp-image-2303 style-1323-image style-local-2286-c14-image\" alt=\"\" srcset=\"https:\/\/vs-ruestorf.at\/wp-content\/uploads\/2022\/04\/Bild2_Gruppenfoto.jpg 738w, https:\/\/vs-ruestorf.at\/wp-content\/uploads\/2022\/04\/Bild2_Gruppenfoto-300x225.jpg 300w\" sizes=\"auto, (max-width: 738px) 100vw, 738px\" \/>\n                    <div class=\"h-image__frame h-hide-lg h-hide-md h-hide-sm style-1323-frameImage style-local-2286-c14-frameImage\"><\/div>\n                  <\/div>\n                <\/div>\n              <\/div>\n              <div data-colibri-id=\"2286-c20\" class=\"h-text h-text-component style-1328 style-local-2286-c20 position-relative h-element\">\n                <!---->\n                <!---->\n                <div class=\"\">\n                  <p>v.l.n.r.: Vize-Bgm. D. Bruderhofer, ukrainische Betreuerin Larissa, M. Luft BBEd (VS R\u00fcstorf), VD E. Putz (VS R\u00fcstorf), M. Mayr-Melnhof (PGR Obfrau Pfarre St. Georgen), Bgm. G. Seethaler\n                    <br>\n                  <\/p>\n                <\/div>\n              <\/div>\n            <\/div>\n          <\/div>\n        <\/div>\n      <\/div>\n    <\/div>\n    <div data-colibri-id=\"2286-c15\" class=\"h-row-container gutters-row-lg-2 gutters-row-md-2 gutters-row-0 gutters-row-v-lg-2 gutters-row-v-md-2 gutters-row-v-2 style-1310 style-local-2286-c15 position-relative\">\n      <!---->\n      <div class=\"h-row justify-content-lg-center justify-content-md-center justify-content-center align-items-lg-stretch align-items-md-stretch align-items-stretch gutters-col-lg-2 gutters-col-md-2 gutters-col-0 gutters-col-v-lg-2 gutters-col-v-md-2 gutters-col-v-2\">\n        <!---->\n        <div class=\"h-column h-column-container d-flex h-col-lg-auto h-col-md-auto h-col-auto style-1311-outer style-local-2286-c16-outer\">\n          <div data-colibri-id=\"2286-c16\" class=\"d-flex h-flex-basis h-column__inner h-px-lg-2 h-px-md-2 h-px-2 v-inner-lg-2 v-inner-md-2 v-inner-2 style-1311 style-local-2286-c16 position-relative\">\n            <!---->\n            <!---->\n            <div class=\"w-100 h-y-container h-column__content h-column__v-align flex-basis-100 align-self-lg-start align-self-md-start align-self-start\">\n              <!---->\n              <div data-colibri-id=\"2286-c17\" class=\"d-block style-1312 style-local-2286-c17 position-relative h-element\">\n                <!---->\n                <div class=\"h-image__frame-container-outer\">\n                  <div class=\"h-image__frame-container\">\n                    <!---->\n                    <!---->\n                    <img loading=\"lazy\" decoding=\"async\" width=\"843\" height=\"581\" src=\"https:\/\/vs-ruestorf.at\/wp-content\/uploads\/2022\/04\/Bild3_GruppenfotoSchule.jpg\" class=\"wp-image-2304 style-1312-image style-local-2286-c17-image\" alt=\"Spendensammlung VS R\u00fcstorf\" srcset=\"https:\/\/vs-ruestorf.at\/wp-content\/uploads\/2022\/04\/Bild3_GruppenfotoSchule.jpg 843w, https:\/\/vs-ruestorf.at\/wp-content\/uploads\/2022\/04\/Bild3_GruppenfotoSchule-300x207.jpg 300w, https:\/\/vs-ruestorf.at\/wp-content\/uploads\/2022\/04\/Bild3_GruppenfotoSchule-768x529.jpg 768w\" sizes=\"auto, (max-width: 843px) 100vw, 843px\" \/>\n                    <div class=\"h-image__frame h-hide-lg h-hide-md h-hide-sm style-1312-frameImage style-local-2286-c17-frameImage\"><\/div>\n                  <\/div>\n                <\/div>\n              <\/div>\n              <div data-colibri-id=\"2286-c21\" class=\"h-text h-text-component style-1329 style-local-2286-c21 position-relative h-element\">\n                <!---->\n                <!---->\n                <div class=\"\">\n                  <p>v.l.n.r.: Bgm. G. Seethaler (R\u00fcstorf), VD E. Putz, M. Luft BBEd, Amtsleiter M. G\u00f6bl (R\u00fcstorf)\n                    <br>\n                  <\/p>\n                <\/div>\n              <\/div>\n            <\/div>\n          <\/div>\n        <\/div>\n        <div class=\"h-column h-column-container d-flex h-col-lg-auto h-col-md-auto h-col-auto style-1326-outer style-local-2286-c18-outer\">\n          <div data-colibri-id=\"2286-c18\" class=\"d-flex h-flex-basis h-column__inner h-px-lg-2 h-px-md-2 h-px-2 v-inner-lg-2 v-inner-md-2 v-inner-2 style-1326 style-local-2286-c18 position-relative\">\n            <!---->\n            <!---->\n            <div class=\"w-100 h-y-container h-column__content h-column__v-align flex-basis-100 align-self-lg-start align-self-md-start align-self-start\">\n              <!---->\n              <div data-colibri-id=\"2286-c19\" class=\"d-block style-1327 style-local-2286-c19 position-relative h-element\">\n                <!---->\n                <div class=\"h-image__frame-container-outer\">\n                  <div class=\"h-image__frame-container\">\n                    <!---->\n                    <!---->\n                    <img loading=\"lazy\" decoding=\"async\" width=\"1172\" height=\"1512\" src=\"https:\/\/vs-ruestorf.at\/wp-content\/uploads\/2022\/04\/Bild4_Luft_Kinder.jpg\" class=\"wp-image-2305 style-1327-image style-local-2286-c19-image\" alt=\"Kinder beim Sortieren der Spenden\" srcset=\"https:\/\/vs-ruestorf.at\/wp-content\/uploads\/2022\/04\/Bild4_Luft_Kinder.jpg 1172w, https:\/\/vs-ruestorf.at\/wp-content\/uploads\/2022\/04\/Bild4_Luft_Kinder-233x300.jpg 233w, https:\/\/vs-ruestorf.at\/wp-content\/uploads\/2022\/04\/Bild4_Luft_Kinder-794x1024.jpg 794w, https:\/\/vs-ruestorf.at\/wp-content\/uploads\/2022\/04\/Bild4_Luft_Kinder-768x991.jpg 768w\" sizes=\"auto, (max-width: 1172px) 100vw, 1172px\" \/>\n                    <div class=\"h-image__frame h-hide-lg h-hide-md h-hide-sm style-1327-frameImage style-local-2286-c19-frameImage\"><\/div>\n                  <\/div>\n                <\/div>\n              <\/div>\n              <div data-colibri-id=\"2286-c22\" class=\"h-text h-text-component style-1330 style-local-2286-c22 position-relative h-element\">\n                <!---->\n                <!---->\n                <div class=\"\">\n                  <p>v.l.n.r.: M. Luft, Noel, Akif, Hana\n                    <br>\n                  <\/p>\n                <\/div>\n              <\/div>\n            <\/div>\n          <\/div>\n        <\/div>\n      <\/div>\n    <\/div>\n  <\/div>\n<\/div>\n<\/div>","protected":false},"excerpt":{"rendered":"<p>Am 31. M\u00e4rz 2022 fuhren Bgm. Georg Seethaler, Vize-Bgm. David Bruderhofer, VS-Leiterin Eva-Maria Putz und die Initiatorin der Sammelaktion, Frau Michaela Luft BBEd. nach St. Georgen im Attergau, um die von den R\u00fcstorfer Kindern und deren Eltern gesammelten Sachspenden sowie Geldspenden der Gemeinde und der VS R\u00fcstorf zu den aus der Ukraine gefl\u00fcchteten Waisenkindern nach [&hellip;]<\/p>\n","protected":false},"author":1,"featured_media":0,"parent":0,"menu_order":0,"comment_status":"closed","ping_status":"closed","template":"page-templates\/full-width-page.php","meta":{"footnotes":""},"class_list":["post-2286","page","type-page","status-publish","hentry"],"_links":{"self":[{"href":"https:\/\/vs-ruestorf.at\/index.php?rest_route=\/wp\/v2\/pages\/2286","targetHints":{"allow":["GET"]}}],"collection":[{"href":"https:\/\/vs-ruestorf.at\/index.php?rest_route=\/wp\/v2\/pages"}],"about":[{"href":"https:\/\/vs-ruestorf.at\/index.php?rest_route=\/wp\/v2\/types\/page"}],"author":[{"embeddable":true,"href":"https:\/\/vs-ruestorf.at\/index.php?rest_route=\/wp\/v2\/users\/1"}],"replies":[{"embeddable":true,"href":"https:\/\/vs-ruestorf.at\/index.php?rest_route=%2Fwp%2Fv2%2Fcomments&post=2286"}],"version-history":[{"count":4,"href":"https:\/\/vs-ruestorf.at\/index.php?rest_route=\/wp\/v2\/pages\/2286\/revisions"}],"predecessor-version":[{"id":2308,"href":"https:\/\/vs-ruestorf.at\/index.php?rest_route=\/wp\/v2\/pages\/2286\/revisions\/2308"}],"wp:attachment":[{"href":"https:\/\/vs-ruestorf.at\/index.php?rest_route=%2Fwp%2Fv2%2Fmedia&parent=2286"}],"curies":[{"name":"wp","href":"https:\/\/api.w.org\/{rel}","templated":true}]}}